{"id":6617,"date":"2017-01-17T16:56:44","date_gmt":"2017-01-17T15:56:44","guid":{"rendered":"https:\/\/www.graphhopper.com\/?page_id=6617\/"},"modified":"2025-11-10T22:09:49","modified_gmt":"2025-11-10T21:09:49","slug":"ueber-uns","status":"publish","type":"page","link":"https:\/\/www.graphhopper.com\/de\/ueber-uns\/","title":{"rendered":"\u00dcber uns"},"content":{"rendered":"\n<p>Die GraphHopper Directions API gibt es seit 2014. Zwei Jahre sp\u00e4ter haben wir die GraphHopper GmbH in M\u00fcnchen gegr\u00fcndet mit weiteren Standorten in Norderstedt, Dresden und Kalifornien. Seitdem wachsen wir schnell und organisch, d.h. ohne Fremdkapital. Wir glauben, dass das f\u00fcr uns der beste Weg ist, unabh\u00e4ngige und vorausschauende Entscheidungen zu treffen, um unseren Kunden den besten Service zu bieten.<\/p>\n\n\n\n<p>Unser Ziel ist es, s\u00e4mtliche Werkzeuge zur Routen- und Tourenplanung zu entwickeln und f\u00fcr Endnutzeranwendungen zur Verf\u00fcgung zu stellen. Dabei wollen wir Open Data und Open Source nutzen und selbst gro\u00dfe Teile unserer Software als Open Source ver\u00f6ffentlichen. Um unser Ziel mit etwas anderen Worten zu formulieren: Wenn irgendwo auf der Welt in Zukunft eine Mobilit\u00e4ts-, Logistik- oder Freizeitapp entwickelt wird, dann wollen wir zumindest eine Option f\u00fcr die Routenplanung oder Optimierung sein.<\/p>\n","protected":false},"excerpt":{"rendered":"<p>Die GraphHopper Directions API gibt es seit 2014. Zwei Jahre sp\u00e4ter haben wir die GraphHopper GmbH in M\u00fcnchen gegr\u00fcndet mit weiteren Standorten in Norderstedt, Dresden und Kalifornien. Seitdem wachsen wir schnell und organisch, d.h. ohne Fremdkapital. Wir glauben, dass das f\u00fcr uns der beste Weg ist, unabh\u00e4ngige und vorausschauende Entscheidungen zu treffen, um unseren Kunden [&hellip;]<\/p>\n","protected":false},"author":1,"featured_media":0,"parent":0,"menu_order":0,"comment_status":"closed","ping_status":"closed","template":"","meta":{"_acf_changed":false,"footnotes":""},"class_list":["post-6617","page","type-page","status-publish","hentry"],"acf":[],"_links":{"self":[{"href":"https:\/\/www.graphhopper.com\/de\/wp-json\/wp\/v2\/pages\/6617","targetHints":{"allow":["GET"]}}],"collection":[{"href":"https:\/\/www.graphhopper.com\/de\/wp-json\/wp\/v2\/pages"}],"about":[{"href":"https:\/\/www.graphhopper.com\/de\/wp-json\/wp\/v2\/types\/page"}],"author":[{"embeddable":true,"href":"https:\/\/www.graphhopper.com\/de\/wp-json\/wp\/v2\/users\/1"}],"replies":[{"embeddable":true,"href":"https:\/\/www.graphhopper.com\/de\/wp-json\/wp\/v2\/comments?post=6617"}],"version-history":[{"count":52,"href":"https:\/\/www.graphhopper.com\/de\/wp-json\/wp\/v2\/pages\/6617\/revisions"}],"predecessor-version":[{"id":12209,"href":"https:\/\/www.graphhopper.com\/de\/wp-json\/wp\/v2\/pages\/6617\/revisions\/12209"}],"wp:attachment":[{"href":"https:\/\/www.graphhopper.com\/de\/wp-json\/wp\/v2\/media?parent=6617"}],"curies":[{"name":"wp","href":"https:\/\/api.w.org\/{rel}","templated":true}]}}