{"id":6331,"date":"2017-01-17T16:57:05","date_gmt":"2017-01-17T15:57:05","guid":{"rendered":"http:\/\/www.bastianstein.de\/wip\/graphhopper\/imprint-2\/"},"modified":"2018-11-15T08:20:44","modified_gmt":"2018-11-15T07:20:44","slug":"impressum","status":"publish","type":"page","link":"https:\/\/www.graphhopper.com\/de\/impressum\/","title":{"rendered":"Impressum"},"content":{"rendered":"<p><strong>GraphHopper GmbH<\/strong><\/p>\n<p>Amtsgericht M\u00fcnchen HR B 223447<br \/>\nUSt.-ID: DE 305 064 440<br \/>\nGesch\u00e4ftsf\u00fchrer:<br \/>\nStefan Schr\u00f6der, Peter Karich, Michael Zilske<\/p>\n<p>Telefon: <a href=\"tel:+4989250077190\">+49 89 2500 771 90<\/a><\/p>\n","protected":false},"excerpt":{"rendered":"<p>GraphHopper GmbH Amtsgericht M\u00fcnchen HR B 223447 USt.-ID: DE 305 064 440 Gesch\u00e4ftsf\u00fchrer: Stefan Schr\u00f6der, Peter Karich, Michael Zilske Telefon: +49 89 2500 771 90<\/p>\n","protected":false},"author":1,"featured_media":0,"parent":0,"menu_order":0,"comment_status":"closed","ping_status":"closed","template":"","meta":{"_acf_changed":false,"footnotes":""},"class_list":["post-6331","page","type-page","status-publish","hentry"],"acf":[],"_links":{"self":[{"href":"https:\/\/www.graphhopper.com\/de\/wp-json\/wp\/v2\/pages\/6331","targetHints":{"allow":["GET"]}}],"collection":[{"href":"https:\/\/www.graphhopper.com\/de\/wp-json\/wp\/v2\/pages"}],"about":[{"href":"https:\/\/www.graphhopper.com\/de\/wp-json\/wp\/v2\/types\/page"}],"author":[{"embeddable":true,"href":"https:\/\/www.graphhopper.com\/de\/wp-json\/wp\/v2\/users\/1"}],"replies":[{"embeddable":true,"href":"https:\/\/www.graphhopper.com\/de\/wp-json\/wp\/v2\/comments?post=6331"}],"version-history":[{"count":6,"href":"https:\/\/www.graphhopper.com\/de\/wp-json\/wp\/v2\/pages\/6331\/revisions"}],"predecessor-version":[{"id":8717,"href":"https:\/\/www.graphhopper.com\/de\/wp-json\/wp\/v2\/pages\/6331\/revisions\/8717"}],"wp:attachment":[{"href":"https:\/\/www.graphhopper.com\/de\/wp-json\/wp\/v2\/media?parent=6331"}],"curies":[{"name":"wp","href":"https:\/\/api.w.org\/{rel}","templated":true}]}}